{"id":1470,"date":"2019-06-07T13:37:26","date_gmt":"2019-06-07T11:37:26","guid":{"rendered":"http:\/\/www.cienciadedatosysalud.org\/contacto\/"},"modified":"2026-03-24T10:15:41","modified_gmt":"2026-03-24T09:15:41","slug":"contact","status":"publish","type":"page","link":"https:\/\/cienciadedatosysalud.org\/en\/contact\/","title":{"rendered":"Contact us"},"content":{"rendered":"\n<style type=\"text\/css\" data-created_by=\"avia_inline_auto\" id=\"style-css-av-jwkgcwiq-c27a4b1d6c63eda769268dbb6496ee32\">\n.avia-section.av-jwkgcwiq-c27a4b1d6c63eda769268dbb6496ee32{\nbackground-repeat:no-repeat;\nbackground-image:url(https:\/\/cienciadedatosysalud.org\/wp-content\/uploads\/internal_header.png);\nbackground-position:50% 50%;\nbackground-attachment:scroll;\n}\n<\/style>\n<div id='av_section_1'  class='avia-section av-jwkgcwiq-c27a4b1d6c63eda769268dbb6496ee32 main_color avia-section-default avia-no-border-styling  avia-builder-el-0  el_before_av_section  avia-builder-el-first  avia-full-stretch avia-bg-style-scroll av-minimum-height av-minimum-height-30 av-height-percent  container_wrap fullsize'  data-section-bg-repeat='stretch' data-av_minimum_height_pc='30' data-av_min_height_opt='percent'><div class='container av-section-cont-open' ><main  role=\"main\" itemprop=\"mainContentOfPage\"  class='template-page content  av-content-full alpha units'><div class='post-entry post-entry-type-page post-entry-1470'><div class='entry-content-wrapper clearfix'>\n\n<style type=\"text\/css\" data-created_by=\"avia_inline_auto\" id=\"style-css-av-deuk-ac8bdad0e5fa417afbba02a301f0f066\">\n.flex_column.av-deuk-ac8bdad0e5fa417afbba02a301f0f066{\nborder-radius:0px 0px 0px 0px;\npadding:0px 0px 0px 0px;\n}\n<\/style>\n<div  class='flex_column av-deuk-ac8bdad0e5fa417afbba02a301f0f066 av_three_fifth  avia-builder-el-1  avia-builder-el-no-sibling  first flex_column_div av-animated-generic fade-in av-zero-column-padding  '     ><style type=\"text\/css\" data-created_by=\"avia_inline_auto\" id=\"style-css-av-mookv-7d0beee36838f2557566205cbcee66e5\">\n#top .av-special-heading.av-mookv-7d0beee36838f2557566205cbcee66e5{\npadding-bottom:10px;\ncolor:#ffffff;\nfont-size:45px;\n}\nbody .av-special-heading.av-mookv-7d0beee36838f2557566205cbcee66e5 .av-special-heading-tag .heading-char{\nfont-size:25px;\n}\n#top #wrap_all .av-special-heading.av-mookv-7d0beee36838f2557566205cbcee66e5 .av-special-heading-tag{\nfont-size:45px;\n}\n.av-special-heading.av-mookv-7d0beee36838f2557566205cbcee66e5 .special-heading-inner-border{\nborder-color:#ffffff;\n}\n.av-special-heading.av-mookv-7d0beee36838f2557566205cbcee66e5 .av-subheading{\nfont-size:15px;\n}\n\n@media only screen and (min-width: 480px) and (max-width: 767px){ \n#top #wrap_all .av-special-heading.av-mookv-7d0beee36838f2557566205cbcee66e5 .av-special-heading-tag{\nfont-size:0.8em;\n}\n}\n\n@media only screen and (max-width: 479px){ \n#top #wrap_all .av-special-heading.av-mookv-7d0beee36838f2557566205cbcee66e5 .av-special-heading-tag{\nfont-size:0.8em;\n}\n}\n<\/style>\n<div  class='av-special-heading av-mookv-7d0beee36838f2557566205cbcee66e5 av-special-heading-h1 custom-color-heading blockquote modern-quote  avia-builder-el-2  avia-builder-el-no-sibling  av-inherit-size av-linked-heading'><h1 class='av-special-heading-tag '  itemprop=\"headline\"  >Contact us<\/h1><div class=\"special-heading-border\"><div class=\"special-heading-inner-border\"><\/div><\/div><\/div><\/div><\/div><\/div><\/main><!-- close content main element --><\/div><\/div><div id='av_section_2'  class='avia-section av-1s6rm7-44845b0cffad9755fe86fcc5312a4693 main_color avia-section-default avia-no-border-styling  avia-builder-el-3  el_after_av_section  avia-builder-el-last  avia-bg-style-scroll container_wrap fullsize'  ><div class='container av-section-cont-open' ><div class='template-page content  av-content-full alpha units'><div class='post-entry post-entry-type-page post-entry-1470'><div class='entry-content-wrapper clearfix'>\n\n<style type=\"text\/css\" data-created_by=\"avia_inline_auto\" id=\"style-css-av-1mypjz-67f8fd34335483d4a606bff8aaf34fe4\">\n.flex_column.av-1mypjz-67f8fd34335483d4a606bff8aaf34fe4{\nborder-radius:0px 0px 0px 0px;\npadding:0px 0px 0px 0px;\n}\n<\/style>\n<div  class='flex_column av-1mypjz-67f8fd34335483d4a606bff8aaf34fe4 av_one_half  avia-builder-el-4  el_before_av_one_half  avia-builder-el-first  first flex_column_div av-animated-generic fade-in av-zero-column-padding  '     ><p>\n<style type=\"text\/css\" data-created_by=\"avia_inline_auto\" id=\"style-css-av-av_heading-11b4244f22dd27500e338f7474d53482\">\n#top .av-special-heading.av-av_heading-11b4244f22dd27500e338f7474d53482{\npadding-bottom:10px;\n}\nbody .av-special-heading.av-av_heading-11b4244f22dd27500e338f7474d53482 .av-special-heading-tag .heading-char{\nfont-size:25px;\n}\n.av-special-heading.av-av_heading-11b4244f22dd27500e338f7474d53482 .av-subheading{\nfont-size:15px;\n}\n<\/style>\n<div  class='av-special-heading av-av_heading-11b4244f22dd27500e338f7474d53482 av-special-heading-h2 blockquote modern-quote  avia-builder-el-5  el_before_av_hr  avia-builder-el-first '><h2 class='av-special-heading-tag '  itemprop=\"headline\"  >Contact Details<\/h2><div class=\"special-heading-border\"><div class=\"special-heading-inner-border\"><\/div><\/div><\/div><br \/>\n\n<style type=\"text\/css\" data-created_by=\"avia_inline_auto\" id=\"style-css-av-jwlzr7m0-39add2b7d58cd218cb7e8780e966a2c5\">\n#top .hr.av-jwlzr7m0-39add2b7d58cd218cb7e8780e966a2c5{\nmargin-top:10px;\nmargin-bottom:10px;\n}\n.hr.av-jwlzr7m0-39add2b7d58cd218cb7e8780e966a2c5 .hr-inner{\nwidth:100%;\nborder-color:#d9d9d9;\n}\n<\/style>\n<div  class='hr av-jwlzr7m0-39add2b7d58cd218cb7e8780e966a2c5 hr-custom  avia-builder-el-6  el_after_av_heading  el_before_av_textblock  hr-center hr-icon-no'><span class='hr-inner inner-border-av-border-thin'><span class=\"hr-inner-style\"><\/span><\/span><\/div><br \/>\n<section  class='av_textblock_section av-jwt5pgtr-102af1342ee1f387d31cdbbc400c8f80 '   itemscope=\"itemscope\" itemtype=\"https:\/\/schema.org\/CreativeWork\" ><div class='avia_textblock'  itemprop=\"text\" ><p><a href=\"https:\/\/cienciadedatosysalud.org\/en\/us\/research-group\/\">The Data Science for Health Services and Policy Research group <\/a> of the Instituto Aragon\u00e9s de Ciencias de la Salud<\/p>\n<div><\/div>\n\n<style type=\"text\/css\" data-created_by=\"avia_inline_auto\" id=\"style-css-av-18em9r-81b22c44aed07ff9a1a51f4ffc6c2cb7\">\n.av_font_icon.av-18em9r-81b22c44aed07ff9a1a51f4ffc6c2cb7 .av-icon-char{\nfont-size:20px;\nline-height:20px;\n}\n<\/style>\n<span  class='av_font_icon av-18em9r-81b22c44aed07ff9a1a51f4ffc6c2cb7 avia_animate_when_visible av-icon-style- avia-icon-pos-left av-no-color'><span class='av-icon-char' aria-hidden='true' data-av_icon='\ue854' data-av_iconfont='entypo-fontello' ><\/span><\/span>\n<p>T.: 976. 71.5483<\/p>\n<div>\n\n<style type=\"text\/css\" data-created_by=\"avia_inline_auto\" id=\"style-css-av-15ksdj-e0c9fdfd9f0a0e7e9e5262197320c309\">\n.av_font_icon.av-15ksdj-e0c9fdfd9f0a0e7e9e5262197320c309 .av-icon-char{\nfont-size:20px;\nline-height:20px;\n}\n<\/style>\n<span  class='av_font_icon av-15ksdj-e0c9fdfd9f0a0e7e9e5262197320c309 avia_animate_when_visible av-icon-style- avia-icon-pos-left av-no-color'><span class='av-icon-char' aria-hidden='true' data-av_icon='\ue805' data-av_iconfont='entypo-fontello' ><\/span><\/span><\/p>\n<p>cienciadedatosysalud.iacs@aragon.es<\/p>\n<p><br class=\"avia-permanent-lb\" \/><a href=\"https:\/\/cienciadedatosysalud.org\/en\/atlas-vpm\/\">Atlas VPM &#8211; Atlas de Variaciones de la Pr\u00e1ctica M\u00e9dica<\/a><\/p>\n<div><\/div>\n\n<style type=\"text\/css\" data-created_by=\"avia_inline_auto\" id=\"style-css-av-18em9r-81b22c44aed07ff9a1a51f4ffc6c2cb7\">\n.av_font_icon.av-18em9r-81b22c44aed07ff9a1a51f4ffc6c2cb7 .av-icon-char{\nfont-size:20px;\nline-height:20px;\n}\n<\/style>\n<span  class='av_font_icon av-18em9r-81b22c44aed07ff9a1a51f4ffc6c2cb7 avia_animate_when_visible av-icon-style- avia-icon-pos-left av-no-color'><span class='av-icon-char' aria-hidden='true' data-av_icon='\ue854' data-av_iconfont='entypo-fontello' ><\/span><\/span>\n<p>T.: 976. 71.5483<\/p>\n<\/div>\n<div>\n\n<style type=\"text\/css\" data-created_by=\"avia_inline_auto\" id=\"style-css-av-15ksdj-e0c9fdfd9f0a0e7e9e5262197320c309\">\n.av_font_icon.av-15ksdj-e0c9fdfd9f0a0e7e9e5262197320c309 .av-icon-char{\nfont-size:20px;\nline-height:20px;\n}\n<\/style>\n<span  class='av_font_icon av-15ksdj-e0c9fdfd9f0a0e7e9e5262197320c309 avia_animate_when_visible av-icon-style- avia-icon-pos-left av-no-color'><span class='av-icon-char' aria-hidden='true' data-av_icon='\ue805' data-av_iconfont='entypo-fontello' ><\/span><\/span><\/p>\n<p>atlasvpm.iacs@aragon.es<\/p>\n<p><br class=\"avia-permanent-lb\" \/><a href=\"http:\/\/ics.aragon.es\/\" target=\"_blank\" rel=\"noopener\">Instituto Aragon\u00e9s de Ciencias de la Salud- IACS<\/a><\/p>\n<div><\/div>\n<p>\n<style type=\"text\/css\" data-created_by=\"avia_inline_auto\" id=\"style-css-av-1cwp5b-a30336c93861e0677ee2dd0d9faa9fb5\">\n.av_font_icon.av-1cwp5b-a30336c93861e0677ee2dd0d9faa9fb5 .av-icon-char{\nfont-size:20px;\nline-height:20px;\n}\n<\/style>\n<span  class='av_font_icon av-1cwp5b-a30336c93861e0677ee2dd0d9faa9fb5 avia_animate_when_visible av-icon-style- avia-icon-pos-left av-no-color'><span class='av-icon-char' aria-hidden='true' data-av_icon='\ue842' data-av_iconfont='entypo-fontello' ><\/span><\/span> Edificio CIBA<\/p>\n<\/div>\n<div>Avda. San Juan Bosco, 13<br \/>\n50009 Zaragoza<\/div>\n<\/div><\/section><\/p><\/div>\n<style type=\"text\/css\" data-created_by=\"avia_inline_auto\" id=\"style-css-av-w5lq7-0249990d4ac33d260e30472cafa66183\">\n.flex_column.av-w5lq7-0249990d4ac33d260e30472cafa66183{\nborder-radius:0px 0px 0px 0px;\npadding:0px 0px 0px 0px;\n}\n<\/style>\n<div  class='flex_column av-w5lq7-0249990d4ac33d260e30472cafa66183 av_one_half  avia-builder-el-13  el_after_av_one_half  avia-builder-el-last  border-left flex_column_div av-animated-generic fade-in av-zero-column-padding  '     ><p>\n<style type=\"text\/css\" data-created_by=\"avia_inline_auto\" id=\"style-css-av-av_heading-05c11dedd082abecb30027da3a413ec6\">\n#top .av-special-heading.av-av_heading-05c11dedd082abecb30027da3a413ec6{\npadding-bottom:10px;\n}\nbody .av-special-heading.av-av_heading-05c11dedd082abecb30027da3a413ec6 .av-special-heading-tag .heading-char{\nfont-size:25px;\n}\n.av-special-heading.av-av_heading-05c11dedd082abecb30027da3a413ec6 .av-subheading{\nfont-size:15px;\n}\n<\/style>\n<div  class='av-special-heading av-av_heading-05c11dedd082abecb30027da3a413ec6 av-special-heading-h2 blockquote modern-quote  avia-builder-el-14  el_before_av_hr  avia-builder-el-first '><h2 class='av-special-heading-tag '  itemprop=\"headline\"  >Contact form<\/h2><div class=\"special-heading-border\"><div class=\"special-heading-inner-border\"><\/div><\/div><\/div><br \/>\n\n<style type=\"text\/css\" data-created_by=\"avia_inline_auto\" id=\"style-css-av-jwlzr7m0-39add2b7d58cd218cb7e8780e966a2c5\">\n#top .hr.av-jwlzr7m0-39add2b7d58cd218cb7e8780e966a2c5{\nmargin-top:10px;\nmargin-bottom:10px;\n}\n.hr.av-jwlzr7m0-39add2b7d58cd218cb7e8780e966a2c5 .hr-inner{\nwidth:100%;\nborder-color:#d9d9d9;\n}\n<\/style>\n<div  class='hr av-jwlzr7m0-39add2b7d58cd218cb7e8780e966a2c5 hr-custom  avia-builder-el-15  el_after_av_heading  el_before_av_contact  hr-center hr-icon-no'><span class='hr-inner inner-border-av-border-thin'><span class=\"hr-inner-style\"><\/span><\/span><\/div><br \/>\n<form action=\"https:\/\/cienciadedatosysalud.org\/en\/contact\/\" method=\"post\" data-fields-with-error=\"Found errors in the following field(s):\" class=\"avia_ajax_form av-form-labels-visible   avia-builder-el-16  el_after_av_hr  avia-builder-el-last   \" data-avia-form-id=\"1\" data-avia-redirect='' ><fieldset><p class='  first_form  form_element form_fullwidth' id='element_avia_1_1'><label for=\"avia_1_1\">Name <abbr class=\"required\" title=\"required\">*<\/abbr><\/label> <input name=\"avia_1_1\" class=\"text_input is_empty\" type=\"text\" id=\"avia_1_1\" value=\"\" \/><\/p><p class='  first_form  form_element form_fullwidth' id='element_avia_2_1'><label for=\"avia_2_1\">Email <abbr class=\"required\" title=\"required\">*<\/abbr><\/label> <input name=\"avia_2_1\" class=\"text_input is_email\" type=\"text\" id=\"avia_2_1\" value=\"\" \/><\/p><p class='  first_form  form_element form_fullwidth' id='element_avia_3_1'><label for=\"avia_3_1\">Subject <abbr class=\"required\" title=\"required\">*<\/abbr><\/label> <input name=\"avia_3_1\" class=\"text_input is_empty\" type=\"text\" id=\"avia_3_1\" value=\"\" \/><\/p><p class='  first_form  form_element form_fullwidth' id='element_avia_4_1'><label for=\"avia_4_1\" class=\"textare_label hidden textare_label_avia_4_1\">Message <abbr class=\"required\" title=\"required\">*<\/abbr><\/label><textarea  name=\"avia_4_1\" class=\"text_area is_empty\" cols=\"40\" rows=\"7\" id=\"avia_4_1\" ><\/textarea><\/p><p class=\"hidden\"><input type=\"text\" name=\"avia_5_1\" class=\"hidden \" id=\"avia_5_1\" value=\"\" \/><\/p><p class='   form_element form_fullwidth av-last-visible-form-element' id='element_avia_6_1'><span class='value_verifier_label'>3 + 3 = ?<\/span><input name=\"avia_6_1_verifier\" type=\"hidden\" id=\"avia_6_1_verifier\" value=\"746776822\"\/><label for=\"avia_6_1\">Please prove that you are human by solving the equation <abbr class=\"required\" title=\"required\">*<\/abbr><\/label><input name=\"avia_6_1\" class=\"text_input captcha\" type=\"text\" id=\"avia_6_1\" value=\"\"\/><\/p><p class=' av_form_privacy_check av_contact_privacy_check first_form  form_element form_fullwidth' id='element_avia_7_1'><input  name=\"avia_7_1\" class=\"input_checkbox is_empty\" type=\"checkbox\" id=\"avia_7_1\" value=\"true\"\/><label class=\"input_checkbox_label\" for=\"avia_7_1\">The personal data that might be present in the SCT petitions will be incorporated into the treatment system of which the Instituto Aragon\u00e9s de Ciencias de la Salud is in charge, headquartered in the Centro de Investigaci\u00f3n Biom\u00e9dica de Arag\u00f3n, Avenida San Juan Bosco, No. 13, 50009, Zaragoza. The data will be treated to manage the petitions made through this form. The data will be deleted once the action on and\/or the processing of the petition have been accomplished and the data are no longer necessary. The data will be deleted when the training activity has been given; and in any case, when the  statute of limitations has been met. You have the right to access, correct and delete the data, as well as the other rights granted you by the data protection regulations by contacting the Instituto Aragon\u00e9s de Ciencias de la Salud, in the Centro de Investigaci\u00f3n Biom\u00e9dica de Arag\u00f3n, Avenida San Juan Bosco, No. 13, 50009, Zaragoza or using the email address atlasvpm.iacs@aragon.es.\nI declare that I have read and accept these conditions *\n <abbr class=\"required\" title=\"required\">*<\/abbr><\/label><\/p><p class=\"form_element \"><input type=\"hidden\" value=\"1\" name=\"avia_generated_form1\" \/><input type=\"submit\" value=\"Send\" class=\"button\"  data-sending-label=\"Sending\"\/><\/p><\/fieldset><\/form><div id=\"ajaxresponse_1\" class=\"ajaxresponse ajaxresponse_1 hidden\"><\/div><\/p><\/div>\n<\/p>\n","protected":false},"excerpt":{"rendered":"","protected":false},"author":1,"featured_media":0,"parent":0,"menu_order":0,"comment_status":"closed","ping_status":"closed","template":"","meta":{"footnotes":""},"class_list":["post-1470","page","type-page","status-publish","hentry"],"yoast_head":"<!-- This site is optimized with the Yoast SEO plugin v27.4 - https:\/\/yoast.com\/product\/yoast-seo-wordpress\/ -->\n<title>Data Science for Health Services and Policy Research<\/title>\n<meta name=\"description\" content=\"Data Science for Health Services and Policy Research- Real world data science for better health services- Atlas VPM\" \/>\n<meta name=\"robots\" content=\"index, follow, max-snippet:-1, max-image-preview:large, max-video-preview:-1\" \/>\n<link rel=\"canonical\" href=\"https:\/\/cienciadedatosysalud.org\/en\/contact\/\" \/>\n<meta property=\"og:locale\" content=\"en_US\" \/>\n<meta property=\"og:type\" content=\"article\" \/>\n<meta property=\"og:title\" content=\"Data Science for Health Services and Policy Research\" \/>\n<meta property=\"og:description\" content=\"Data Science for Health Services and Policy Research- Real world data science for better health services- Atlas VPM\" \/>\n<meta property=\"og:url\" content=\"https:\/\/cienciadedatosysalud.org\/en\/contact\/\" \/>\n<meta property=\"og:site_name\" content=\"AtlasVPM\" \/>\n<meta property=\"article:modified_time\" content=\"2026-03-24T09:15:41+00:00\" \/>\n<meta property=\"og:image\" content=\"https:\/\/cienciadedatosysalud.org\/wp-content\/uploads\/Imagen_del_sitio_1200_675.png\" \/>\n\t<meta property=\"og:image:width\" content=\"1200\" \/>\n\t<meta property=\"og:image:height\" content=\"675\" \/>\n\t<meta property=\"og:image:type\" content=\"image\/png\" \/>\n<meta name=\"twitter:card\" content=\"summary_large_image\" \/>\n<meta name=\"twitter:label1\" content=\"Est. reading time\" \/>\n\t<meta name=\"twitter:data1\" content=\"2 minutes\" \/>\n<script type=\"application\/ld+json\" class=\"yoast-schema-graph\">{\"@context\":\"https:\\\/\\\/schema.org\",\"@graph\":[{\"@type\":\"WebPage\",\"@id\":\"https:\\\/\\\/cienciadedatosysalud.org\\\/en\\\/contact\\\/\",\"url\":\"https:\\\/\\\/cienciadedatosysalud.org\\\/en\\\/contact\\\/\",\"name\":\"Data Science for Health Services and Policy Research\",\"isPartOf\":{\"@id\":\"https:\\\/\\\/cienciadedatosysalud.org\\\/en\\\/#website\"},\"datePublished\":\"2019-06-07T11:37:26+00:00\",\"dateModified\":\"2026-03-24T09:15:41+00:00\",\"description\":\"Data Science for Health Services and Policy Research- Real world data science for better health services- Atlas VPM\",\"breadcrumb\":{\"@id\":\"https:\\\/\\\/cienciadedatosysalud.org\\\/en\\\/contact\\\/#breadcrumb\"},\"inLanguage\":\"en-US\",\"potentialAction\":[{\"@type\":\"ReadAction\",\"target\":[\"https:\\\/\\\/cienciadedatosysalud.org\\\/en\\\/contact\\\/\"]}]},{\"@type\":\"BreadcrumbList\",\"@id\":\"https:\\\/\\\/cienciadedatosysalud.org\\\/en\\\/contact\\\/#breadcrumb\",\"itemListElement\":[{\"@type\":\"ListItem\",\"position\":1,\"name\":\"Portada\",\"item\":\"https:\\\/\\\/cienciadedatosysalud.org\\\/en\\\/home\\\/\"},{\"@type\":\"ListItem\",\"position\":2,\"name\":\"Contact us\"}]},{\"@type\":\"WebSite\",\"@id\":\"https:\\\/\\\/cienciadedatosysalud.org\\\/en\\\/#website\",\"url\":\"https:\\\/\\\/cienciadedatosysalud.org\\\/en\\\/\",\"name\":\"Ciencia de datos para la investigaci\u00f3n en servicios y pol\u00edticas sanitarias\",\"description\":\"Ciencia de datos para la mejora del sistema sanitario\",\"alternateName\":\"Ciencia de datos y salud\",\"potentialAction\":[{\"@type\":\"SearchAction\",\"target\":{\"@type\":\"EntryPoint\",\"urlTemplate\":\"https:\\\/\\\/cienciadedatosysalud.org\\\/en\\\/?s={search_term_string}\"},\"query-input\":{\"@type\":\"PropertyValueSpecification\",\"valueRequired\":true,\"valueName\":\"search_term_string\"}}],\"inLanguage\":\"en-US\"}]}<\/script>\n<!-- \/ Yoast SEO plugin. -->","yoast_head_json":{"title":"Data Science for Health Services and Policy Research","description":"Data Science for Health Services and Policy Research- Real world data science for better health services- Atlas VPM","robots":{"index":"index","follow":"follow","max-snippet":"max-snippet:-1","max-image-preview":"max-image-preview:large","max-video-preview":"max-video-preview:-1"},"canonical":"https:\/\/cienciadedatosysalud.org\/en\/contact\/","og_locale":"en_US","og_type":"article","og_title":"Data Science for Health Services and Policy Research","og_description":"Data Science for Health Services and Policy Research- Real world data science for better health services- Atlas VPM","og_url":"https:\/\/cienciadedatosysalud.org\/en\/contact\/","og_site_name":"AtlasVPM","article_modified_time":"2026-03-24T09:15:41+00:00","og_image":[{"width":1200,"height":675,"url":"https:\/\/cienciadedatosysalud.org\/wp-content\/uploads\/Imagen_del_sitio_1200_675.png","type":"image\/png"}],"twitter_card":"summary_large_image","twitter_misc":{"Est. reading time":"2 minutes"},"schema":{"@context":"https:\/\/schema.org","@graph":[{"@type":"WebPage","@id":"https:\/\/cienciadedatosysalud.org\/en\/contact\/","url":"https:\/\/cienciadedatosysalud.org\/en\/contact\/","name":"Data Science for Health Services and Policy Research","isPartOf":{"@id":"https:\/\/cienciadedatosysalud.org\/en\/#website"},"datePublished":"2019-06-07T11:37:26+00:00","dateModified":"2026-03-24T09:15:41+00:00","description":"Data Science for Health Services and Policy Research- Real world data science for better health services- Atlas VPM","breadcrumb":{"@id":"https:\/\/cienciadedatosysalud.org\/en\/contact\/#breadcrumb"},"inLanguage":"en-US","potentialAction":[{"@type":"ReadAction","target":["https:\/\/cienciadedatosysalud.org\/en\/contact\/"]}]},{"@type":"BreadcrumbList","@id":"https:\/\/cienciadedatosysalud.org\/en\/contact\/#breadcrumb","itemListElement":[{"@type":"ListItem","position":1,"name":"Portada","item":"https:\/\/cienciadedatosysalud.org\/en\/home\/"},{"@type":"ListItem","position":2,"name":"Contact us"}]},{"@type":"WebSite","@id":"https:\/\/cienciadedatosysalud.org\/en\/#website","url":"https:\/\/cienciadedatosysalud.org\/en\/","name":"Ciencia de datos para la investigaci\u00f3n en servicios y pol\u00edticas sanitarias","description":"Ciencia de datos para la mejora del sistema sanitario","alternateName":"Ciencia de datos y salud","potentialAction":[{"@type":"SearchAction","target":{"@type":"EntryPoint","urlTemplate":"https:\/\/cienciadedatosysalud.org\/en\/?s={search_term_string}"},"query-input":{"@type":"PropertyValueSpecification","valueRequired":true,"valueName":"search_term_string"}}],"inLanguage":"en-US"}]}},"_links":{"self":[{"href":"https:\/\/cienciadedatosysalud.org\/en\/wp-json\/wp\/v2\/pages\/1470","targetHints":{"allow":["GET"]}}],"collection":[{"href":"https:\/\/cienciadedatosysalud.org\/en\/wp-json\/wp\/v2\/pages"}],"about":[{"href":"https:\/\/cienciadedatosysalud.org\/en\/wp-json\/wp\/v2\/types\/page"}],"author":[{"embeddable":true,"href":"https:\/\/cienciadedatosysalud.org\/en\/wp-json\/wp\/v2\/users\/1"}],"replies":[{"embeddable":true,"href":"https:\/\/cienciadedatosysalud.org\/en\/wp-json\/wp\/v2\/comments?post=1470"}],"version-history":[{"count":14,"href":"https:\/\/cienciadedatosysalud.org\/en\/wp-json\/wp\/v2\/pages\/1470\/revisions"}],"predecessor-version":[{"id":24443,"href":"https:\/\/cienciadedatosysalud.org\/en\/wp-json\/wp\/v2\/pages\/1470\/revisions\/24443"}],"wp:attachment":[{"href":"https:\/\/cienciadedatosysalud.org\/en\/wp-json\/wp\/v2\/media?parent=1470"}],"curies":[{"name":"wp","href":"https:\/\/api.w.org\/{rel}","templated":true}]}}